{"id":3119,"date":"2019-02-06T06:45:11","date_gmt":"2019-02-06T06:45:11","guid":{"rendered":"https:\/\/globaltecingenieria.com\/nuevo\/blog\/"},"modified":"2024-02-16T17:40:04","modified_gmt":"2024-02-16T17:40:04","slug":"noticias","status":"publish","type":"page","link":"https:\/\/globaltecingenieria.com\/pt-br\/noticias\/","title":{"rendered":"Not\u00edcias"},"content":{"rendered":"\t\t<div data-elementor-type=\"wp-post\" data-elementor-id=\"3119\" class=\"elementor elementor-3119 elementor-14\">\n\t\t\t\t\t\t<section class=\"elementor-section elementor-top-section elementor-element elementor-element-aa8e3df elementor-section-content-middle elementor-section-boxed elementor-section-height-default elementor-section-height-default\" data-id=\"aa8e3df\" data-element_type=\"section\" data-settings=\"{&quot;jet_parallax_layout_list&quot;:[{&quot;jet_parallax_layout_image&quot;:{&quot;url&quot;:&quot;&quot;,&quot;id&quot;:&quot;&quot;,&quot;size&quot;:&quot;&quot;},&quot;_id&quot;:&quot;c6a5f0c&quot;,&quot;jet_parallax_layout_image_tablet&quot;:{&quot;url&quot;:&quot;&quot;,&quot;id&quot;:&quot;&quot;,&quot;size&quot;:&quot;&quot;},&quot;jet_parallax_layout_image_mobile&quot;:{&quot;url&quot;:&quot;&quot;,&quot;id&quot;:&quot;&quot;,&quot;size&quot;:&quot;&quot;},&quot;jet_parallax_layout_speed&quot;:{&quot;unit&quot;:&quot;%&quot;,&quot;size&quot;:&quot;50&quot;,&quot;sizes&quot;:[]},&quot;jet_parallax_layout_bg_x&quot;:&quot;50&quot;,&quot;jet_parallax_layout_bg_y&quot;:&quot;50&quot;,&quot;jet_parallax_layout_type&quot;:&quot;scroll&quot;,&quot;jet_parallax_layout_direction&quot;:null,&quot;jet_parallax_layout_fx_direction&quot;:null,&quot;jet_parallax_layout_z_index&quot;:&quot;&quot;,&quot;jet_parallax_layout_bg_x_tablet&quot;:&quot;&quot;,&quot;jet_parallax_layout_bg_x_mobile&quot;:&quot;&quot;,&quot;jet_parallax_layout_bg_y_tablet&quot;:&quot;&quot;,&quot;jet_parallax_layout_bg_y_mobile&quot;:&quot;&quot;,&quot;jet_parallax_layout_bg_size&quot;:&quot;auto&quot;,&quot;jet_parallax_layout_bg_size_tablet&quot;:&quot;&quot;,&quot;jet_parallax_layout_bg_size_mobile&quot;:&quot;&quot;,&quot;jet_parallax_layout_animation_prop&quot;:&quot;transform&quot;,&quot;jet_parallax_layout_on&quot;:[&quot;desktop&quot;,&quot;tablet&quot;]}]}\">\n\t\t\t\t\t\t<div class=\"elementor-container elementor-column-gap-default\">\n\t\t\t\t\t<div class=\"elementor-column elementor-col-100 elementor-top-column elementor-element elementor-element-60bdfa3\" data-id=\"60bdfa3\" data-element_type=\"column\">\n\t\t\t<div class=\"elementor-widget-wrap elementor-element-populated\">\n\t\t\t\t\t\t<div class=\"elementor-element elementor-element-2171208 elementor-widget elementor-widget-spacer\" data-id=\"2171208\" data-element_type=\"widget\" data-widget_type=\"spacer.default\">\n\t\t\t\t<div class=\"elementor-widget-container\">\n\t\t\t<style>\/*! elementor - v3.22.0 - 26-06-2024 *\/\n.elementor-column .elementor-spacer-inner{height:var(--spacer-size)}.e-con{--container-widget-width:100%}.e-con-inner>.elementor-widget-spacer,.e-con>.elementor-widget-spacer{width:var(--container-widget-width,var(--spacer-size));--align-self:var(--container-widget-align-self,initial);--flex-shrink:0}.e-con-inner>.elementor-widget-spacer>.elementor-widget-container,.e-con>.elementor-widget-spacer>.elementor-widget-container{height:100%;width:100%}.e-con-inner>.elementor-widget-spacer>.elementor-widget-container>.elementor-spacer,.e-con>.elementor-widget-spacer>.elementor-widget-container>.elementor-spacer{height:100%}.e-con-inner>.elementor-widget-spacer>.elementor-widget-container>.elementor-spacer>.elementor-spacer-inner,.e-con>.elementor-widget-spacer>.elementor-widget-container>.elementor-spacer>.elementor-spacer-inner{height:var(--container-widget-height,var(--spacer-size))}.e-con-inner>.elementor-widget-spacer.elementor-widget-empty,.e-con>.elementor-widget-spacer.elementor-widget-empty{position:relative;min-height:22px;min-width:22px}.e-con-inner>.elementor-widget-spacer.elementor-widget-empty .elementor-widget-empty-icon,.e-con>.elementor-widget-spacer.elementor-widget-empty .elementor-widget-empty-icon{position:absolute;top:0;bottom:0;left:0;right:0;margin:auto;padding:0;width:22px;height:22px}<\/style>\t\t<div class=\"elementor-spacer\">\n\t\t\t<div class=\"elementor-spacer-inner\"><\/div>\n\t\t<\/div>\n\t\t\t\t<\/div>\n\t\t\t\t<\/div>\n\t\t\t\t<div class=\"elementor-element elementor-element-bb3a58e elementor-align-left elementor-widget elementor-widget-raven-heading\" data-id=\"bb3a58e\" data-element_type=\"widget\" data-widget_type=\"raven-heading.default\">\n\t\t\t\t<div class=\"elementor-widget-container\">\n\t\t\t\t\t<div class=\"raven-widget-wrapper\"><h1 class=\"raven-heading raven-heading-h1\"><span class=\"raven-heading-title \">Globaltec News<\/span><\/h1><\/div>\n\t\t\t\t<\/div>\n\t\t\t\t<\/div>\n\t\t\t\t<div class=\"elementor-element elementor-element-fff499e elementor-widget elementor-widget-spacer\" data-id=\"fff499e\" data-element_type=\"widget\" data-widget_type=\"spacer.default\">\n\t\t\t\t<div class=\"elementor-widget-container\">\n\t\t\t\t\t<div class=\"elementor-spacer\">\n\t\t\t<div class=\"elementor-spacer-inner\"><\/div>\n\t\t<\/div>\n\t\t\t\t<\/div>\n\t\t\t\t<\/div>\n\t\t\t\t\t<\/div>\n\t\t<\/div>\n\t\t\t\t\t<\/div>\n\t\t<\/section>\n\t\t\t\t<section class=\"elementor-section elementor-top-section elementor-element elementor-element-6f74fa9 elementor-section-boxed elementor-section-height-default elementor-section-height-default\" data-id=\"6f74fa9\" data-element_type=\"section\" data-settings=\"{&quot;jet_parallax_layout_list&quot;:[{&quot;jet_parallax_layout_image&quot;:{&quot;url&quot;:&quot;&quot;,&quot;id&quot;:&quot;&quot;,&quot;size&quot;:&quot;&quot;},&quot;_id&quot;:&quot;6328682&quot;,&quot;jet_parallax_layout_image_tablet&quot;:{&quot;url&quot;:&quot;&quot;,&quot;id&quot;:&quot;&quot;,&quot;size&quot;:&quot;&quot;},&quot;jet_parallax_layout_image_mobile&quot;:{&quot;url&quot;:&quot;&quot;,&quot;id&quot;:&quot;&quot;,&quot;size&quot;:&quot;&quot;},&quot;jet_parallax_layout_speed&quot;:{&quot;unit&quot;:&quot;%&quot;,&quot;size&quot;:&quot;50&quot;,&quot;sizes&quot;:[]},&quot;jet_parallax_layout_bg_x&quot;:&quot;50&quot;,&quot;jet_parallax_layout_bg_y&quot;:&quot;50&quot;,&quot;jet_parallax_layout_type&quot;:&quot;scroll&quot;,&quot;jet_parallax_layout_direction&quot;:null,&quot;jet_parallax_layout_fx_direction&quot;:null,&quot;jet_parallax_layout_z_index&quot;:&quot;&quot;,&quot;jet_parallax_layout_bg_x_tablet&quot;:&quot;&quot;,&quot;jet_parallax_layout_bg_x_mobile&quot;:&quot;&quot;,&quot;jet_parallax_layout_bg_y_tablet&quot;:&quot;&quot;,&quot;jet_parallax_layout_bg_y_mobile&quot;:&quot;&quot;,&quot;jet_parallax_layout_bg_size&quot;:&quot;auto&quot;,&quot;jet_parallax_layout_bg_size_tablet&quot;:&quot;&quot;,&quot;jet_parallax_layout_bg_size_mobile&quot;:&quot;&quot;,&quot;jet_parallax_layout_animation_prop&quot;:&quot;transform&quot;,&quot;jet_parallax_layout_on&quot;:[&quot;desktop&quot;,&quot;tablet&quot;]}]}\">\n\t\t\t\t\t\t<div class=\"elementor-container elementor-column-gap-default\">\n\t\t\t\t\t<div class=\"elementor-column elementor-col-50 elementor-top-column elementor-element elementor-element-56173e9\" data-id=\"56173e9\" data-element_type=\"column\">\n\t\t\t<div class=\"elementor-widget-wrap elementor-element-populated\">\n\t\t\t\t\t\t<div class=\"elementor-element elementor-element-a683a6d elementor-widget elementor-widget-raven-posts\" data-id=\"a683a6d\" data-element_type=\"widget\" data-settings=\"{&quot;classic_show_pagination&quot;:&quot;yes&quot;,&quot;classic_columns&quot;:&quot;2&quot;,&quot;_skin&quot;:&quot;classic&quot;,&quot;classic_layout&quot;:&quot;grid&quot;,&quot;classic_columns_tablet&quot;:&quot;2&quot;,&quot;classic_columns_mobile&quot;:&quot;1&quot;,&quot;query_posts_per_page&quot;:6,&quot;classic_pagination_type&quot;:&quot;page_based&quot;,&quot;query_offset&quot;:0}\" data-widget_type=\"raven-posts.classic\">\n\t\t\t\t<div class=\"elementor-widget-container\">\n\t\t\t\t\t<div class=\"raven-posts raven-grid raven-grid-2 raven-grid-mobile-1 raven-grid-tablet-2\" data-post-id=\"3119\" data-archive-query=\"\" data-lang=\"\">\n\t\t\t\t<div class=\"raven-grid-item raven-post-item post-7440 post type-post status-publish format-standard has-post-thumbnail hentry category-people-culture-pt-br\">\n\t\t\t<div class=\"raven-post\">\n\t\t\t\t\t\t<div class=\"raven-post-image-wrap\">\n\t\t\t<a class=\"raven-post-image raven-image-fit\" href=\"https:\/\/globaltecingenieria.com\/pt-br\/excellence-built-by-people-globaltecs-international-dna-and-the-culture-behind-delivery\/\"><img fetchpriority=\"high\" decoding=\"async\" width=\"500\" height=\"500\" src=\"https:\/\/globaltecingenieria.com\/wp-content\/uploads\/2026\/02\/Logo-Globaltec-publicacion.jpg\" class=\"attachment-large size-large wp-image-7447\" alt=\"\" srcset=\"https:\/\/globaltecingenieria.com\/wp-content\/uploads\/2026\/02\/Logo-Globaltec-publicacion.jpg 500w, https:\/\/globaltecingenieria.com\/wp-content\/uploads\/2026\/02\/Logo-Globaltec-publicacion-300x300.jpg 300w, https:\/\/globaltecingenieria.com\/wp-content\/uploads\/2026\/02\/Logo-Globaltec-publicacion-150x150.jpg 150w\" sizes=\"(max-width: 500px) 100vw, 500px\" \/> <span class=\"raven-post-image-overlay\"><\/span><\/a>\t\t<\/div>\n\t\t\t\t\t\t<div class=\"raven-post-content\">\n\t\t\t\t\t<h3 class=\"raven-post-title\"><a class=\"raven-post-title-link\" href=\"https:\/\/globaltecingenieria.com\/pt-br\/excellence-built-by-people-globaltecs-international-dna-and-the-culture-behind-delivery\/\">Excellence Built by People: Globaltec\u2019s International DNA and the Culture Behind Delivery<\/a><\/h3>\t\t<div class=\"raven-post-meta\"><a class=\"raven-post-meta-item raven-post-date\" href=\"https:\/\/globaltecingenieria.com\/pt-br\/2026\/02\/\" rel=\"bookmark\">27 de fevereiro de 2026<\/a><\/div>\n\t\t\t\t\t\t<\/div>\n\t\t\t<\/div>\n\t\t<\/div>\n\t\t\t\t<div class=\"raven-grid-item raven-post-item post-7372 post type-post status-publish format-standard has-post-thumbnail hentry category-energias-renovaveis\">\n\t\t\t<div class=\"raven-post\">\n\t\t\t\t\t\t<div class=\"raven-post-image-wrap\">\n\t\t\t<a class=\"raven-post-image raven-image-fit\" href=\"https:\/\/globaltecingenieria.com\/pt-br\/international-day-of-clean-energy\/\"><img decoding=\"async\" width=\"1024\" height=\"1024\" src=\"https:\/\/globaltecingenieria.com\/wp-content\/uploads\/2026\/01\/1769418099438-1024x1024.jpg\" class=\"attachment-large size-large wp-image-7365\" alt=\"\" srcset=\"https:\/\/globaltecingenieria.com\/wp-content\/uploads\/2026\/01\/1769418099438-1024x1024.jpg 1024w, https:\/\/globaltecingenieria.com\/wp-content\/uploads\/2026\/01\/1769418099438-300x300.jpg 300w, https:\/\/globaltecingenieria.com\/wp-content\/uploads\/2026\/01\/1769418099438-150x150.jpg 150w, https:\/\/globaltecingenieria.com\/wp-content\/uploads\/2026\/01\/1769418099438-768x768.jpg 768w, https:\/\/globaltecingenieria.com\/wp-content\/uploads\/2026\/01\/1769418099438-500x500.jpg 500w, https:\/\/globaltecingenieria.com\/wp-content\/uploads\/2026\/01\/1769418099438.jpg 1200w\" sizes=\"(max-width: 1024px) 100vw, 1024px\" \/> <span class=\"raven-post-image-overlay\"><\/span><\/a>\t\t<\/div>\n\t\t\t\t\t\t<div class=\"raven-post-content\">\n\t\t\t\t\t<h3 class=\"raven-post-title\"><a class=\"raven-post-title-link\" href=\"https:\/\/globaltecingenieria.com\/pt-br\/international-day-of-clean-energy\/\">International Day of Clean Energy<\/a><\/h3>\t\t<div class=\"raven-post-meta\"><a class=\"raven-post-meta-item raven-post-date\" href=\"https:\/\/globaltecingenieria.com\/pt-br\/2026\/01\/\" rel=\"bookmark\">26 de janeiro de 2026<\/a><\/div>\n\t\t\t\t\t\t<\/div>\n\t\t\t<\/div>\n\t\t<\/div>\n\t\t\t\t<div class=\"raven-grid-item raven-post-item post-7345 post type-post status-publish format-standard has-post-thumbnail hentry category-agricultura-sustentavel\">\n\t\t\t<div class=\"raven-post\">\n\t\t\t\t\t\t<div class=\"raven-post-image-wrap\">\n\t\t\t<a class=\"raven-post-image raven-image-fit\" href=\"https:\/\/globaltecingenieria.com\/pt-br\/floating-solar-is-opening-new-possibilities-for-agriculture\/\"><img decoding=\"async\" width=\"1024\" height=\"1024\" src=\"https:\/\/globaltecingenieria.com\/wp-content\/uploads\/2025\/12\/media_licdn_com-1766480520866-1024x1024.jpg\" class=\"attachment-large size-large wp-image-7334\" alt=\"\" srcset=\"https:\/\/globaltecingenieria.com\/wp-content\/uploads\/2025\/12\/media_licdn_com-1766480520866-1024x1024.jpg 1024w, https:\/\/globaltecingenieria.com\/wp-content\/uploads\/2025\/12\/media_licdn_com-1766480520866-300x300.jpg 300w, https:\/\/globaltecingenieria.com\/wp-content\/uploads\/2025\/12\/media_licdn_com-1766480520866-150x150.jpg 150w, https:\/\/globaltecingenieria.com\/wp-content\/uploads\/2025\/12\/media_licdn_com-1766480520866-768x768.jpg 768w, https:\/\/globaltecingenieria.com\/wp-content\/uploads\/2025\/12\/media_licdn_com-1766480520866-500x500.jpg 500w, https:\/\/globaltecingenieria.com\/wp-content\/uploads\/2025\/12\/media_licdn_com-1766480520866.jpg 1200w\" sizes=\"(max-width: 1024px) 100vw, 1024px\" \/> <span class=\"raven-post-image-overlay\"><\/span><\/a>\t\t<\/div>\n\t\t\t\t\t\t<div class=\"raven-post-content\">\n\t\t\t\t\t<h3 class=\"raven-post-title\"><a class=\"raven-post-title-link\" href=\"https:\/\/globaltecingenieria.com\/pt-br\/floating-solar-is-opening-new-possibilities-for-agriculture\/\">Floating solar is opening new possibilities for agriculture<\/a><\/h3>\t\t<div class=\"raven-post-meta\"><a class=\"raven-post-meta-item raven-post-date\" href=\"https:\/\/globaltecingenieria.com\/pt-br\/2025\/12\/\" rel=\"bookmark\">23 de dezembro de 2025<\/a><\/div>\n\t\t\t\t\t\t<\/div>\n\t\t\t<\/div>\n\t\t<\/div>\n\t\t\t\t<div class=\"raven-grid-item raven-post-item post-7318 post type-post status-publish format-standard has-post-thumbnail hentry category-people-culture-pt-br\">\n\t\t\t<div class=\"raven-post\">\n\t\t\t\t\t\t<div class=\"raven-post-image-wrap\">\n\t\t\t<a class=\"raven-post-image raven-image-fit\" href=\"https:\/\/globaltecingenieria.com\/pt-br\/people-culture-sonsoles-aguado\/\"><img loading=\"lazy\" decoding=\"async\" width=\"800\" height=\"800\" src=\"https:\/\/globaltecingenieria.com\/wp-content\/uploads\/2025\/12\/media_licdn_com-1765875754136.jpg\" class=\"attachment-large size-large wp-image-7311\" alt=\"\" srcset=\"https:\/\/globaltecingenieria.com\/wp-content\/uploads\/2025\/12\/media_licdn_com-1765875754136.jpg 800w, https:\/\/globaltecingenieria.com\/wp-content\/uploads\/2025\/12\/media_licdn_com-1765875754136-300x300.jpg 300w, https:\/\/globaltecingenieria.com\/wp-content\/uploads\/2025\/12\/media_licdn_com-1765875754136-150x150.jpg 150w, https:\/\/globaltecingenieria.com\/wp-content\/uploads\/2025\/12\/media_licdn_com-1765875754136-768x768.jpg 768w, https:\/\/globaltecingenieria.com\/wp-content\/uploads\/2025\/12\/media_licdn_com-1765875754136-500x500.jpg 500w\" sizes=\"(max-width: 800px) 100vw, 800px\" \/> <span class=\"raven-post-image-overlay\"><\/span><\/a>\t\t<\/div>\n\t\t\t\t\t\t<div class=\"raven-post-content\">\n\t\t\t\t\t<h3 class=\"raven-post-title\"><a class=\"raven-post-title-link\" href=\"https:\/\/globaltecingenieria.com\/pt-br\/people-culture-sonsoles-aguado\/\">People &amp; Culture &#8211; Sonsoles Aguado<\/a><\/h3>\t\t<div class=\"raven-post-meta\"><a class=\"raven-post-meta-item raven-post-date\" href=\"https:\/\/globaltecingenieria.com\/pt-br\/2025\/12\/\" rel=\"bookmark\">16 de dezembro de 2025<\/a><\/div>\n\t\t\t\t\t\t<\/div>\n\t\t\t<\/div>\n\t\t<\/div>\n\t\t\t\t<div class=\"raven-grid-item raven-post-item post-7303 post type-post status-publish format-standard has-post-thumbnail hentry category-responsabilidade-social\">\n\t\t\t<div class=\"raven-post\">\n\t\t\t\t\t\t<div class=\"raven-post-image-wrap\">\n\t\t\t<a class=\"raven-post-image raven-image-fit\" href=\"https:\/\/globaltecingenieria.com\/pt-br\/human-rights-day\/\"><img loading=\"lazy\" decoding=\"async\" width=\"800\" height=\"800\" src=\"https:\/\/globaltecingenieria.com\/wp-content\/uploads\/2025\/12\/media_licdn_com-1765357333020.jpg\" class=\"attachment-large size-large wp-image-7296\" alt=\"\" srcset=\"https:\/\/globaltecingenieria.com\/wp-content\/uploads\/2025\/12\/media_licdn_com-1765357333020.jpg 800w, https:\/\/globaltecingenieria.com\/wp-content\/uploads\/2025\/12\/media_licdn_com-1765357333020-300x300.jpg 300w, https:\/\/globaltecingenieria.com\/wp-content\/uploads\/2025\/12\/media_licdn_com-1765357333020-150x150.jpg 150w, https:\/\/globaltecingenieria.com\/wp-content\/uploads\/2025\/12\/media_licdn_com-1765357333020-768x768.jpg 768w, https:\/\/globaltecingenieria.com\/wp-content\/uploads\/2025\/12\/media_licdn_com-1765357333020-500x500.jpg 500w\" sizes=\"(max-width: 800px) 100vw, 800px\" \/> <span class=\"raven-post-image-overlay\"><\/span><\/a>\t\t<\/div>\n\t\t\t\t\t\t<div class=\"raven-post-content\">\n\t\t\t\t\t<h3 class=\"raven-post-title\"><a class=\"raven-post-title-link\" href=\"https:\/\/globaltecingenieria.com\/pt-br\/human-rights-day\/\">Human Rights Day<\/a><\/h3>\t\t<div class=\"raven-post-meta\"><a class=\"raven-post-meta-item raven-post-date\" href=\"https:\/\/globaltecingenieria.com\/pt-br\/2025\/12\/\" rel=\"bookmark\">10 de dezembro de 2025<\/a><\/div>\n\t\t\t\t\t\t<\/div>\n\t\t\t<\/div>\n\t\t<\/div>\n\t\t\t\t<div class=\"raven-grid-item raven-post-item post-7288 post type-post status-publish format-standard has-post-thumbnail hentry category-agricultura-sustentavel\">\n\t\t\t<div class=\"raven-post\">\n\t\t\t\t\t\t<div class=\"raven-post-image-wrap\">\n\t\t\t<a class=\"raven-post-image raven-image-fit\" href=\"https:\/\/globaltecingenieria.com\/pt-br\/building-the-future-also-means-taking-responsibility-for-it\/\"><img loading=\"lazy\" decoding=\"async\" width=\"800\" height=\"800\" src=\"https:\/\/globaltecingenieria.com\/wp-content\/uploads\/2025\/12\/media_licdn_com-1764839002676.jpg\" class=\"attachment-large size-large wp-image-7281\" alt=\"\" srcset=\"https:\/\/globaltecingenieria.com\/wp-content\/uploads\/2025\/12\/media_licdn_com-1764839002676.jpg 800w, https:\/\/globaltecingenieria.com\/wp-content\/uploads\/2025\/12\/media_licdn_com-1764839002676-300x300.jpg 300w, https:\/\/globaltecingenieria.com\/wp-content\/uploads\/2025\/12\/media_licdn_com-1764839002676-150x150.jpg 150w, https:\/\/globaltecingenieria.com\/wp-content\/uploads\/2025\/12\/media_licdn_com-1764839002676-768x768.jpg 768w, https:\/\/globaltecingenieria.com\/wp-content\/uploads\/2025\/12\/media_licdn_com-1764839002676-500x500.jpg 500w\" sizes=\"(max-width: 800px) 100vw, 800px\" \/> <span class=\"raven-post-image-overlay\"><\/span><\/a>\t\t<\/div>\n\t\t\t\t\t\t<div class=\"raven-post-content\">\n\t\t\t\t\t<h3 class=\"raven-post-title\"><a class=\"raven-post-title-link\" href=\"https:\/\/globaltecingenieria.com\/pt-br\/building-the-future-also-means-taking-responsibility-for-it\/\">Building the future also means taking responsibility for it<\/a><\/h3>\t\t<div class=\"raven-post-meta\"><a class=\"raven-post-meta-item raven-post-date\" href=\"https:\/\/globaltecingenieria.com\/pt-br\/2025\/12\/\" rel=\"bookmark\">4 de dezembro de 2025<\/a><\/div>\n\t\t\t\t\t\t<\/div>\n\t\t\t<\/div>\n\t\t<\/div>\n\t\t\t\t<\/div>\n\t\t\t\t<div class=\"raven-pagination\" data-settings=\"{&quot;posts_per_page&quot;:6,&quot;total_pages&quot;:5,&quot;pages_visible&quot;:7}\">\n\t\t\t<div class=\"raven-pagination-items\">\n\t\t\t\t<a class=\"raven-pagination-prev raven-pagination-item raven-pagination-disabled\" href=\"#\">&lt;<\/a><a class=\"raven-pagination-num raven-pagination-item raven-pagination-active\" href=\"#\" data-page-num=\"1\">1<\/a><a class=\"raven-pagination-num raven-pagination-item\" href=\"#\" data-page-num=\"2\">2<\/a><a class=\"raven-pagination-num raven-pagination-item\" href=\"#\" data-page-num=\"3\">3<\/a><a class=\"raven-pagination-num raven-pagination-item\" href=\"#\" data-page-num=\"4\">4<\/a><a class=\"raven-pagination-num raven-pagination-item\" href=\"#\" data-page-num=\"5\">5<\/a><a class=\"raven-pagination-next raven-pagination-item\" href=\"#\">&gt;<\/a>\t\t\t<\/div>\n\t\t<\/div>\n\t\t\t\t<\/div>\n\t\t\t\t<\/div>\n\t\t\t\t\t<\/div>\n\t\t<\/div>\n\t\t\t\t<div class=\"elementor-column elementor-col-50 elementor-top-column elementor-element elementor-element-3fb7547\" data-id=\"3fb7547\" data-element_type=\"column\">\n\t\t\t<div class=\"elementor-widget-wrap elementor-element-populated\">\n\t\t\t\t\t\t<div class=\"elementor-element elementor-element-a073538 elementor-align-left elementor-widget elementor-widget-raven-heading\" data-id=\"a073538\" data-element_type=\"widget\" data-widget_type=\"raven-heading.default\">\n\t\t\t\t<div class=\"elementor-widget-container\">\n\t\t\t\t\t<div class=\"raven-widget-wrapper\"><h1 class=\"raven-heading raven-heading-h1\"><span class=\"raven-heading-title \">T\u00f3picos<\/span><\/h1><\/div>\n\t\t\t\t<\/div>\n\t\t\t\t<\/div>\n\t\t\t\t<div class=\"elementor-element elementor-element-77a87c5 elementor-widget elementor-widget-raven-categories\" data-id=\"77a87c5\" data-element_type=\"widget\" data-settings=\"{&quot;outer_content_columns&quot;:&quot;1&quot;,&quot;_skin&quot;:&quot;outer_content&quot;,&quot;source&quot;:&quot;blog&quot;,&quot;outer_content_layout&quot;:&quot;grid&quot;,&quot;outer_content_columns_tablet&quot;:&quot;2&quot;,&quot;outer_content_columns_mobile&quot;:&quot;1&quot;}\" data-widget_type=\"raven-categories.outer_content\">\n\t\t\t\t<div class=\"elementor-widget-container\">\n\t\t\t\t\t<div class=\"raven-categories-grid raven-categories-skin-outer_content\">\n\t\t\t\t\t<article class=\"raven-categories-item post-7288 post type-post status-publish format-standard has-post-thumbnail hentry category-agricultura-sustentavel\">\n\t\t\t\t\t\t<div class=\"raven-categories-content\">\n\t\t\t<div class=\"raven-categories-title-wrap\"><h3 class=\"raven-categories-title\"><a href=\"https:\/\/globaltecingenieria.com\/pt-br\/category\/agricultura-sustentavel\/\">Agricultura sustent\u00e1vel<\/a><\/h3><\/div>\t\t\t<\/div>\n\t\t<\/article>\n\t\t\t\t<article class=\"raven-categories-item post-7288 post type-post status-publish format-standard has-post-thumbnail hentry category-agricultura-sustentavel\">\n\t\t\t\t\t\t<div class=\"raven-categories-content\">\n\t\t\t<div class=\"raven-categories-title-wrap\"><h3 class=\"raven-categories-title\"><a href=\"https:\/\/globaltecingenieria.com\/pt-br\/category\/energias-renovaveis\/\">Energias Renov\u00e1veis<\/a><\/h3><\/div>\t\t\t<\/div>\n\t\t<\/article>\n\t\t\t\t<article class=\"raven-categories-item post-7288 post type-post status-publish format-standard has-post-thumbnail hentry category-agricultura-sustentavel\">\n\t\t\t\t\t\t<div class=\"raven-categories-content\">\n\t\t\t<div class=\"raven-categories-title-wrap\"><h3 class=\"raven-categories-title\"><a href=\"https:\/\/globaltecingenieria.com\/pt-br\/category\/fotovoltaico\/\">Fotovoltaico<\/a><\/h3><\/div>\t\t\t<\/div>\n\t\t<\/article>\n\t\t\t\t<article class=\"raven-categories-item post-7288 post type-post status-publish format-standard has-post-thumbnail hentry category-agricultura-sustentavel\">\n\t\t\t\t\t\t<div class=\"raven-categories-content\">\n\t\t\t<div class=\"raven-categories-title-wrap\"><h3 class=\"raven-categories-title\"><a href=\"https:\/\/globaltecingenieria.com\/pt-br\/category\/gestao-da-qualidade\/\">Gest\u00e3o da Qualidade<\/a><\/h3><\/div>\t\t\t<\/div>\n\t\t<\/article>\n\t\t\t\t<article class=\"raven-categories-item post-7288 post type-post status-publish format-standard has-post-thumbnail hentry category-agricultura-sustentavel\">\n\t\t\t\t\t\t<div class=\"raven-categories-content\">\n\t\t\t<div class=\"raven-categories-title-wrap\"><h3 class=\"raven-categories-title\"><a href=\"https:\/\/globaltecingenieria.com\/pt-br\/category\/nao-categorizado\/\">N\u00e3o categorizado<\/a><\/h3><\/div>\t\t\t<\/div>\n\t\t<\/article>\n\t\t\t\t<article class=\"raven-categories-item post-7288 post type-post status-publish format-standard has-post-thumbnail hentry category-agricultura-sustentavel\">\n\t\t\t\t\t\t<div class=\"raven-categories-content\">\n\t\t\t<div class=\"raven-categories-title-wrap\"><h3 class=\"raven-categories-title\"><a href=\"https:\/\/globaltecingenieria.com\/pt-br\/category\/people-culture-pt-br\/\">People &amp; Culture<\/a><\/h3><\/div>\t\t\t<\/div>\n\t\t<\/article>\n\t\t\t\t<article class=\"raven-categories-item post-7288 post type-post status-publish format-standard has-post-thumbnail hentry category-agricultura-sustentavel\">\n\t\t\t\t\t\t<div class=\"raven-categories-content\">\n\t\t\t<div class=\"raven-categories-title-wrap\"><h3 class=\"raven-categories-title\"><a href=\"https:\/\/globaltecingenieria.com\/pt-br\/category\/responsabilidade-social\/\">Responsabilidade Social<\/a><\/h3><\/div>\t\t\t<\/div>\n\t\t<\/article>\n\t\t\t\t<\/div>\n\t\t\t\t<\/div>\n\t\t\t\t<\/div>\n\t\t\t\t\t<\/div>\n\t\t<\/div>\n\t\t\t\t\t<\/div>\n\t\t<\/section>\n\t\t\t\t<\/div>\n\t\t","protected":false},"excerpt":{"rendered":"<p>Globaltec News Agrotech y las tecnolog\u00edas aplicadas en desarrollos de Globaltec 23 de fevereiro de 2023 Paneles solares flotantes, las nuevas soluciones para energ\u00edas limpias. 23 de fevereiro de 2023 T\u00f3picos Agricultura sustent\u00e1vel Fotovoltaico Responsabilidade Social<\/p>\n","protected":false},"author":2,"featured_media":0,"parent":0,"menu_order":0,"comment_status":"closed","ping_status":"closed","template":"elementor_header_footer","meta":{"_acf_changed":false,"footnotes":""},"class_list":["post-3119","page","type-page","status-publish","hentry"],"acf":[],"_links":{"self":[{"href":"https:\/\/globaltecingenieria.com\/pt-br\/wp-json\/wp\/v2\/pages\/3119","targetHints":{"allow":["GET"]}}],"collection":[{"href":"https:\/\/globaltecingenieria.com\/pt-br\/wp-json\/wp\/v2\/pages"}],"about":[{"href":"https:\/\/globaltecingenieria.com\/pt-br\/wp-json\/wp\/v2\/types\/page"}],"author":[{"embeddable":true,"href":"https:\/\/globaltecingenieria.com\/pt-br\/wp-json\/wp\/v2\/users\/2"}],"replies":[{"embeddable":true,"href":"https:\/\/globaltecingenieria.com\/pt-br\/wp-json\/wp\/v2\/comments?post=3119"}],"version-history":[{"count":12,"href":"https:\/\/globaltecingenieria.com\/pt-br\/wp-json\/wp\/v2\/pages\/3119\/revisions"}],"predecessor-version":[{"id":4725,"href":"https:\/\/globaltecingenieria.com\/pt-br\/wp-json\/wp\/v2\/pages\/3119\/revisions\/4725"}],"wp:attachment":[{"href":"https:\/\/globaltecingenieria.com\/pt-br\/wp-json\/wp\/v2\/media?parent=3119"}],"curies":[{"name":"wp","href":"https:\/\/api.w.org\/{rel}","templated":true}]}}